
{"id":1944,"date":"2022-03-21T13:11:34","date_gmt":"2022-03-21T12:11:34","guid":{"rendered":"https:\/\/eyewearstore.hu\/?page_id=1944"},"modified":"2022-03-30T14:13:54","modified_gmt":"2022-03-30T12:13:54","slug":"reszletfizetes","status":"publish","type":"page","link":"https:\/\/eyewearstore.hu\/en\/reszletfizetes\/","title":{"rendered":"R\u00e9szletfizet\u00e9s"},"content":{"rendered":"<div data-elementor-type=\"wp-page\" data-elementor-id=\"1944\" class=\"elementor elementor-1944\" data-elementor-post-type=\"page\">\n\t\t\t\t\t\t<section class=\"elementor-section elementor-top-section elementor-element elementor-element-62a6bc11 elementor-section-boxed elementor-section-height-default elementor-section-height-default\" data-id=\"62a6bc11\" data-element_type=\"section\" data-settings=\"{&quot;background_background&quot;:&quot;classic&quot;}\">\n\t\t\t\t\t\t\t<div class=\"elementor-background-overlay\"><\/div>\n\t\t\t\t\t\t\t<div class=\"elementor-container elementor-column-gap-default\">\n\t\t\t\t\t<div class=\"elementor-column elementor-col-100 elementor-top-column elementor-element elementor-element-36f81bab\" data-id=\"36f81bab\" data-element_type=\"column\">\n\t\t\t<div class=\"elementor-widget-wrap elementor-element-populated\">\n\t\t\t\t\t\t<div class=\"elementor-element elementor-element-45d47cae elementor-widget elementor-widget-heading\" data-id=\"45d47cae\" data-element_type=\"widget\" data-widget_type=\"heading.default\">\n\t\t\t\t<div class=\"elementor-widget-container\">\n\t\t\t\t\t<h1 class=\"elementor-heading-title elementor-size-default\">R\u00e9szletfizet\u00e9s<\/h1>\t\t\t\t<\/div>\n\t\t\t\t<\/div>\n\t\t\t\t<div class=\"elementor-element elementor-element-2b8283e6 elementor-widget elementor-widget-woocommerce-breadcrumb\" data-id=\"2b8283e6\" data-element_type=\"widget\" data-widget_type=\"woocommerce-breadcrumb.default\">\n\t\t\t\t<div class=\"elementor-widget-container\">\n\t\t\t\t\t<nav class=\"woocommerce-breadcrumb\" aria-label=\"Breadcrumb\" data-no-translation=\"\" data-trp-gettext=\"\">Home<\/nav>\t\t\t\t<\/div>\n\t\t\t\t<\/div>\n\t\t\t\t\t<\/div>\n\t\t<\/div>\n\t\t\t\t\t<\/div>\n\t\t<\/section>\n\t\t\t\t<section class=\"elementor-section elementor-top-section elementor-element elementor-element-43fa9125 elementor-section-boxed elementor-section-height-default elementor-section-height-default\" data-id=\"43fa9125\" data-element_type=\"section\">\n\t\t\t\t\t\t<div class=\"elementor-container elementor-column-gap-default\">\n\t\t\t\t\t<div class=\"elementor-column elementor-col-50 elementor-top-column elementor-element elementor-element-2cd6b87b\" data-id=\"2cd6b87b\" data-element_type=\"column\">\n\t\t\t<div class=\"elementor-widget-wrap elementor-element-populated\">\n\t\t\t\t\t\t<div class=\"elementor-element elementor-element-4bf8c473 elementor-widget elementor-widget-heading\" data-id=\"4bf8c473\" data-element_type=\"widget\" data-widget_type=\"heading.default\">\n\t\t\t\t<div class=\"elementor-widget-container\">\n\t\t\t\t\t<h1 class=\"elementor-heading-title elementor-size-default\">Nem t\u00e9ved\u00e9s!<\/h1>\t\t\t\t<\/div>\n\t\t\t\t<\/div>\n\t\t\t\t<div class=\"elementor-element elementor-element-7dcec39b elementor-widget elementor-widget-text-editor\" data-id=\"7dcec39b\" data-element_type=\"widget\" data-widget_type=\"text-editor.default\">\n\t\t\t\t<div class=\"elementor-widget-container\">\n\t\t\t\t\t\t\t\t\t<p>Zalaegerszeg modern optikai szalonj\u00e1ban m\u00e1r r\u00e9szletre is vehetsz szem\u00fcveget!<\/p>\t\t\t\t\t\t\t\t<\/div>\n\t\t\t\t<\/div>\n\t\t\t\t<div class=\"elementor-element elementor-element-ea75340 elementor-widget elementor-widget-button\" data-id=\"ea75340\" data-element_type=\"widget\" data-widget_type=\"button.default\">\n\t\t\t\t<div class=\"elementor-widget-container\">\n\t\t\t\t\t\t\t\t\t<div class=\"elementor-button-wrapper\">\n\t\t\t\t\t<a class=\"elementor-button elementor-button-link elementor-size-sm\" href=\"https:\/\/eyewearstore.hu\/en\/elerhetoseg\/\">\n\t\t\t\t\t\t<span class=\"elementor-button-content-wrapper\">\n\t\t\t\t\t\t\t\t\t<span class=\"elementor-button-text\">\u00c9rdekel!<\/span>\n\t\t\t\t\t<\/span>\n\t\t\t\t\t<\/a>\n\t\t\t\t<\/div>\n\t\t\t\t\t\t\t\t<\/div>\n\t\t\t\t<\/div>\n\t\t\t\t<div class=\"elementor-element elementor-element-37d2433 elementor-widget elementor-widget-heading\" data-id=\"37d2433\" data-element_type=\"widget\" data-widget_type=\"heading.default\">\n\t\t\t\t<div class=\"elementor-widget-container\">\n\t\t\t\t\t<h2 class=\"elementor-heading-title elementor-size-default\">0% THM<\/h2>\t\t\t\t<\/div>\n\t\t\t\t<\/div>\n\t\t\t\t<div class=\"elementor-element elementor-element-bb9f612 elementor-icon-list--layout-traditional elementor-list-item-link-full_width elementor-widget elementor-widget-icon-list\" data-id=\"bb9f612\" data-element_type=\"widget\" data-widget_type=\"icon-list.default\">\n\t\t\t\t<div class=\"elementor-widget-container\">\n\t\t\t\t\t\t\t<ul class=\"elementor-icon-list-items\">\n\t\t\t\t\t\t\t<li class=\"elementor-icon-list-item\">\n\t\t\t\t\t\t\t\t\t\t\t<span class=\"elementor-icon-list-icon\">\n\t\t\t\t\t\t\t<i aria-hidden=\"true\" class=\"fas fa-check\"><\/i>\t\t\t\t\t\t<\/span>\n\t\t\t\t\t\t\t\t\t\t<span class=\"elementor-icon-list-text\">6, 10 vagy 15 h\u00f3napos futamid\u0151<\/span>\n\t\t\t\t\t\t\t\t\t<\/li>\n\t\t\t\t\t\t\t\t<li class=\"elementor-icon-list-item\">\n\t\t\t\t\t\t\t\t\t\t\t<span class=\"elementor-icon-list-icon\">\n\t\t\t\t\t\t\t<i aria-hidden=\"true\" class=\"fas fa-check\"><\/i>\t\t\t\t\t\t<\/span>\n\t\t\t\t\t\t\t\t\t\t<span class=\"elementor-icon-list-text\">Forint alap\u00fa, fix kamatoz\u00e1s\u00fa hitel, \u00e1rfolyam ingadoz\u00e1s nincs<\/span>\n\t\t\t\t\t\t\t\t\t<\/li>\n\t\t\t\t\t\t\t\t<li class=\"elementor-icon-list-item\">\n\t\t\t\t\t\t\t\t\t\t\t<span class=\"elementor-icon-list-icon\">\n\t\t\t\t\t\t\t<i aria-hidden=\"true\" class=\"fas fa-check\"><\/i>\t\t\t\t\t\t<\/span>\n\t\t\t\t\t\t\t\t\t\t<span class=\"elementor-icon-list-text\">Hitelb\u00edr\u00e1lati d\u00edjat nem sz\u00e1molunk fel<\/span>\n\t\t\t\t\t\t\t\t\t<\/li>\n\t\t\t\t\t\t\t\t<li class=\"elementor-icon-list-item\">\n\t\t\t\t\t\t\t\t\t\t\t<span class=\"elementor-icon-list-icon\">\n\t\t\t\t\t\t\t<i aria-hidden=\"true\" class=\"fas fa-check\"><\/i>\t\t\t\t\t\t<\/span>\n\t\t\t\t\t\t\t\t\t\t<span class=\"elementor-icon-list-text\">Helysz\u00edni hitelb\u00edr\u00e1lat<\/span>\n\t\t\t\t\t\t\t\t\t<\/li>\n\t\t\t\t\t\t<\/ul>\n\t\t\t\t\t\t<\/div>\n\t\t\t\t<\/div>\n\t\t\t\t<div class=\"elementor-element elementor-element-303b8e1 elementor-widget elementor-widget-heading\" data-id=\"303b8e1\" data-element_type=\"widget\" data-widget_type=\"heading.default\">\n\t\t\t\t<div class=\"elementor-widget-container\">\n\t\t\t\t\t<h2 class=\"elementor-heading-title elementor-size-default\">100% el\u00e9gedetts\u00e9gi \u2013 p\u00e9nzvisszafizet\u00e9si garancia!<\/h2>\t\t\t\t<\/div>\n\t\t\t\t<\/div>\n\t\t\t\t<div class=\"elementor-element elementor-element-89eccc4 elementor-icon-list--layout-traditional elementor-list-item-link-full_width elementor-widget elementor-widget-icon-list\" data-id=\"89eccc4\" data-element_type=\"widget\" data-widget_type=\"icon-list.default\">\n\t\t\t\t<div class=\"elementor-widget-container\">\n\t\t\t\t\t\t\t<ul class=\"elementor-icon-list-items\">\n\t\t\t\t\t\t\t<li class=\"elementor-icon-list-item\">\n\t\t\t\t\t\t\t\t\t\t\t<span class=\"elementor-icon-list-icon\">\n\t\t\t\t\t\t\t<i aria-hidden=\"true\" class=\"fas fa-check\"><\/i>\t\t\t\t\t\t<\/span>\n\t\t\t\t\t\t\t\t\t\t<span class=\"elementor-icon-list-text\">A v\u00e1lasztott szem\u00fcveg nem felel meg az elv\u00e1r\u00e1soknak? \u201eNem j\u00f3l l\u00e1tsz vele\u201d?<\/span>\n\t\t\t\t\t\t\t\t\t<\/li>\n\t\t\t\t\t\t\t\t<li class=\"elementor-icon-list-item\">\n\t\t\t\t\t\t\t\t\t\t\t<span class=\"elementor-icon-list-icon\">\n\t\t\t\t\t\t\t<i aria-hidden=\"true\" class=\"fas fa-check\"><\/i>\t\t\t\t\t\t<\/span>\n\t\t\t\t\t\t\t\t\t\t<span class=\"elementor-icon-list-text\">A v\u00e1s\u00e1rl\u00e1st\u00f3l sz\u00e1m\u00edtott 60 napig a komplett szem\u00fcveg \u00e1r\u00e1t visszafizetj\u00fck!<\/span>\n\t\t\t\t\t\t\t\t\t<\/li>\n\t\t\t\t\t\t\t\t<li class=\"elementor-icon-list-item\">\n\t\t\t\t\t\t\t\t\t\t\t<span class=\"elementor-icon-list-icon\">\n\t\t\t\t\t\t\t<i aria-hidden=\"true\" class=\"fas fa-check\"><\/i>\t\t\t\t\t\t<\/span>\n\t\t\t\t\t\t\t\t\t\t<span class=\"elementor-icon-list-text\">Trendi szem\u00fcvegkeretek modern ZEISS lencs\u00e9vel & 100% el\u00e9gedetts\u00e9gi garanci\u00e1val!<\/span>\n\t\t\t\t\t\t\t\t\t<\/li>\n\t\t\t\t\t\t\t\t<li class=\"elementor-icon-list-item\">\n\t\t\t\t\t\t\t\t\t\t\t<span class=\"elementor-icon-list-icon\">\n\t\t\t\t\t\t\t<i aria-hidden=\"true\" class=\"fas fa-check\"><\/i>\t\t\t\t\t\t<\/span>\n\t\t\t\t\t\t\t\t\t\t<span class=\"elementor-icon-list-text\">Szak\u00e9rt\u0151i gondoskod\u00e1s elengedhetetlen a l\u00e1t\u00e1sunk k\u00e9nyelm\u00e9hez.<\/span>\n\t\t\t\t\t\t\t\t\t<\/li>\n\t\t\t\t\t\t<\/ul>\n\t\t\t\t\t\t<\/div>\n\t\t\t\t<\/div>\n\t\t\t\t\t<\/div>\n\t\t<\/div>\n\t\t\t\t<div class=\"elementor-column elementor-col-50 elementor-top-column elementor-element elementor-element-6b506a44\" data-id=\"6b506a44\" data-element_type=\"column\" data-settings=\"{&quot;background_background&quot;:&quot;classic&quot;}\">\n\t\t\t<div class=\"elementor-widget-wrap elementor-element-populated\">\n\t\t\t\t\t\t<div class=\"elementor-element elementor-element-93041eb elementor-widget elementor-widget-image\" data-id=\"93041eb\" data-element_type=\"widget\" data-widget_type=\"image.default\">\n\t\t\t\t<div class=\"elementor-widget-container\">\n\t\t\t\t\t\t\t\t\t\t\t\t\t\t\t<img fetchpriority=\"high\" decoding=\"async\" width=\"526\" height=\"526\" src=\"https:\/\/eyewearstore.hu\/wp-content\/uploads\/2022\/03\/szemuveghitel.jpg\" class=\"attachment-large size-large wp-image-1952\" alt=\"\" srcset=\"https:\/\/eyewearstore.hu\/wp-content\/uploads\/2022\/03\/szemuveghitel.jpg 526w, https:\/\/eyewearstore.hu\/wp-content\/uploads\/2022\/03\/szemuveghitel-100x100.jpg 100w, https:\/\/eyewearstore.hu\/wp-content\/uploads\/2022\/03\/szemuveghitel-300x300.jpg 300w, https:\/\/eyewearstore.hu\/wp-content\/uploads\/2022\/03\/szemuveghitel-150x150.jpg 150w, https:\/\/eyewearstore.hu\/wp-content\/uploads\/2022\/03\/szemuveghitel-12x12.jpg 12w\" sizes=\"(max-width: 526px) 100vw, 526px\" \/>\t\t\t\t\t\t\t\t\t\t\t\t\t\t\t<\/div>\n\t\t\t\t<\/div>\n\t\t\t\t<div class=\"elementor-element elementor-element-a5cdc69 elementor-widget elementor-widget-image\" data-id=\"a5cdc69\" data-element_type=\"widget\" data-widget_type=\"image.default\">\n\t\t\t\t<div class=\"elementor-widget-container\">\n\t\t\t\t\t\t\t\t\t\t\t\t\t\t\t<img decoding=\"async\" width=\"300\" height=\"300\" src=\"https:\/\/eyewearstore.hu\/wp-content\/uploads\/2022\/03\/garancia-300x300.jpg\" class=\"attachment-medium size-medium wp-image-1509\" alt=\"\" srcset=\"https:\/\/eyewearstore.hu\/wp-content\/uploads\/2022\/03\/garancia-300x300.jpg 300w, https:\/\/eyewearstore.hu\/wp-content\/uploads\/2022\/03\/garancia-100x100.jpg 100w, https:\/\/eyewearstore.hu\/wp-content\/uploads\/2022\/03\/garancia-600x600.jpg 600w, https:\/\/eyewearstore.hu\/wp-content\/uploads\/2022\/03\/garancia.jpg 1024w, https:\/\/eyewearstore.hu\/wp-content\/uploads\/2022\/03\/garancia-150x150.jpg 150w, https:\/\/eyewearstore.hu\/wp-content\/uploads\/2022\/03\/garancia-768x768.jpg 768w, https:\/\/eyewearstore.hu\/wp-content\/uploads\/2022\/03\/garancia-12x12.jpg 12w\" sizes=\"(max-width: 300px) 100vw, 300px\" \/>\t\t\t\t\t\t\t\t\t\t\t\t\t\t\t<\/div>\n\t\t\t\t<\/div>\n\t\t\t\t\t<\/div>\n\t\t<\/div>\n\t\t\t\t\t<\/div>\n\t\t<\/section>\n\t\t\t\t<section class=\"elementor-section elementor-top-section elementor-element elementor-element-2ef48061 elementor-section-full_width elementor-section-height-default elementor-section-height-default\" data-id=\"2ef48061\" data-element_type=\"section\">\n\t\t\t\t\t\t<div class=\"elementor-container elementor-column-gap-default\">\n\t\t\t\t\t<div class=\"elementor-column elementor-col-100 elementor-top-column elementor-element elementor-element-9b27fb2\" data-id=\"9b27fb2\" data-element_type=\"column\" data-settings=\"{&quot;motion_fx_motion_fx_scrolling&quot;:&quot;yes&quot;,&quot;motion_fx_translateX_effect&quot;:&quot;yes&quot;,&quot;motion_fx_translateX_speed&quot;:{&quot;unit&quot;:&quot;px&quot;,&quot;size&quot;:&quot;1&quot;,&quot;sizes&quot;:[]},&quot;motion_fx_translateX_affectedRange&quot;:{&quot;unit&quot;:&quot;%&quot;,&quot;size&quot;:&quot;&quot;,&quot;sizes&quot;:{&quot;start&quot;:&quot;0&quot;,&quot;end&quot;:&quot;50&quot;}},&quot;motion_fx_devices&quot;:[&quot;desktop&quot;,&quot;tablet&quot;]}\">\n\t\t\t<div class=\"elementor-widget-wrap elementor-element-populated\">\n\t\t\t\t\t\t<div class=\"elementor-element elementor-element-2b18d101 elementor-widget-divider--view-line_text elementor-widget-divider--element-align-left elementor-widget elementor-widget-divider\" data-id=\"2b18d101\" data-element_type=\"widget\" data-widget_type=\"divider.default\">\n\t\t\t\t<div class=\"elementor-widget-container\">\n\t\t\t\t\t\t\t<div class=\"elementor-divider\">\n\t\t\t<span class=\"elementor-divider-separator\">\n\t\t\t\t\t\t\t<span class=\"elementor-divider__text elementor-divider__element\">\n\t\t\t\tV\u00e1lassza <b> ig\u00e9nyeinek megfelel\u0151t<\/b>\t\t\t\t<\/span>\n\t\t\t\t\t\t<\/span>\n\t\t<\/div>\n\t\t\t\t\t\t<\/div>\n\t\t\t\t<\/div>\n\t\t\t\t\t<\/div>\n\t\t<\/div>\n\t\t\t\t\t<\/div>\n\t\t<\/section>\n\t\t\t\t<section class=\"elementor-section elementor-top-section elementor-element elementor-element-35c8beb elementor-section-boxed elementor-section-height-default elementor-section-height-default\" data-id=\"35c8beb\" data-element_type=\"section\">\n\t\t\t\t\t\t<div class=\"elementor-container elementor-column-gap-default\">\n\t\t\t\t\t<div class=\"elementor-column elementor-col-100 elementor-top-column elementor-element elementor-element-1b2b381\" data-id=\"1b2b381\" data-element_type=\"column\">\n\t\t\t<div class=\"elementor-widget-wrap elementor-element-populated\">\n\t\t\t\t\t\t<div class=\"elementor-element elementor-element-c5659b2 elementor-widget elementor-widget-text-editor\" data-id=\"c5659b2\" data-element_type=\"widget\" data-widget_type=\"text-editor.default\">\n\t\t\t\t<div class=\"elementor-widget-container\">\n\t\t\t\t\t\t\t\t\t<p>Egy szem\u00fcveg v\u00e1s\u00e1rl\u00e1sa nagy kiad\u00e1st jelenthet, de \u00d6nnek nem kell kompromisszumokat k\u00f6tnie sem a szem\u00fcveglencse, sem a keretv\u00e1laszt\u00e1s, illetve napszem\u00fcveg vagy kontaktlencse v\u00e1laszt\u00e1s tekintet\u00e9ben.<br \/><br \/>V\u00e1lassza az ig\u00e9nyeinek, \u00edzl\u00e9s\u00e9nek legink\u00e1bb megfelel\u0151 szem\u00fcveget, napszem\u00fcveget vagy kontaktlencs\u00e9t \u00e9s a Szem\u00fcveghitel seg\u00edts\u00e9g\u00e9vel gyorsan, k\u00f6nnyed\u00e9n hozz\u00e1juthat an\u00e9lk\u00fcl, hogy az egyszeri nagy kiad\u00e1s komoly terhet jelentene.<br \/><br \/>A hitel sz\u00f3 ma m\u00e1r nem ugyanazt jelenti, mint 8-10 \u00e9vvel ezel\u0151tt. A kamatok megfizethet\u0151 m\u00e9rt\u00e9ke miatt m\u00e1r egyre t\u00f6bben v\u00e1llalj\u00e1k az el\u0151re j\u00f3l tervezhet\u0151 havi r\u00e9szleteket, sokszor m\u00e9g akkor is, ha lenne p\u00e9nz\u00fck egyben kifizetni az \u00f6sszeget, \u00edgy optimaliz\u00e1lva a kiad\u00e1saikat.<br \/><br \/>A gyors, szinte azonnali online hitelb\u00edr\u00e1l\u00e1s ut\u00e1n egyszer\u0171 adminisztr\u00e1ci\u00f3val az \u00d6n\u00e9 lehet az \u00faj szem\u00fcvege, napszem\u00fcvege vagy kontaktlencs\u00e9je, s\u0151t \u00edgy ak\u00e1r olyan extr\u00e1kat is k\u00e9rhet hozz\u00e1, amely egy\u00e9bk\u00e9nt az egy\u00f6sszeg\u0171 fizet\u00e9skor nem f\u00e9rt volna bele a \u201cb\u00fcdzs\u00e9be\u201d.<\/p><p><br \/>Legyen \u00faj szem\u00fcvege \u00d6n\u00e9 most \u00e9s fizessen \u00e9rte k\u00e9s\u0151bb!<\/p>\t\t\t\t\t\t\t\t<\/div>\n\t\t\t\t<\/div>\n\t\t\t\t\t<\/div>\n\t\t<\/div>\n\t\t\t\t\t<\/div>\n\t\t<\/section>\n\t\t\t\t<\/div>","protected":false},"excerpt":{"rendered":"<p>R\u00e9szletfizet\u00e9s Nem t\u00e9ved\u00e9s! Zalaegerszeg modern optikai szalonj\u00e1ban m\u00e1r r\u00e9szletre is vehetsz szem\u00fcveget! \u00c9rdekel! 0% THM 6, 10 vagy 15 h\u00f3napos futamid\u0151 Forint alap\u00fa, fix kamatoz\u00e1s\u00fa hitel, \u00e1rfolyam ingadoz\u00e1s nincs Hitelb\u00edr\u00e1lati d\u00edjat nem sz\u00e1molunk fel Helysz\u00edni hitelb\u00edr\u00e1lat 100% el\u00e9gedetts\u00e9gi \u2013 p\u00e9nzvisszafizet\u00e9si garancia! A v\u00e1lasztott szem\u00fcveg nem felel meg az elv\u00e1r\u00e1soknak? \u201eNem j\u00f3l l\u00e1tsz vele\u201d? A v\u00e1s\u00e1rl\u00e1st\u00f3l [&hellip;]<\/p>","protected":false},"author":136,"featured_media":0,"parent":0,"menu_order":0,"comment_status":"closed","ping_status":"closed","template":"","meta":{"_seopress_robots_primary_cat":"","_seopress_titles_title":"V\u00e1s\u00e1rolj szem\u00fcveget r\u00e9szletfizet\u00e9sre!  %%sep%%  %%sitetitle%%","_seopress_titles_desc":"Zalaegerszeg modern optikai szalonj\u00e1ban m\u00e1r r\u00e9szletre is v\u00e1s\u00e1rolhatsz szem\u00fcveget! 100% Garancia - 0% THM!","_seopress_robots_index":"","footnotes":""},"class_list":["post-1944","page","type-page","status-publish","hentry"],"_links":{"self":[{"href":"https:\/\/eyewearstore.hu\/en\/wp-json\/wp\/v2\/pages\/1944","targetHints":{"allow":["GET"]}}],"collection":[{"href":"https:\/\/eyewearstore.hu\/en\/wp-json\/wp\/v2\/pages"}],"about":[{"href":"https:\/\/eyewearstore.hu\/en\/wp-json\/wp\/v2\/types\/page"}],"author":[{"embeddable":true,"href":"https:\/\/eyewearstore.hu\/en\/wp-json\/wp\/v2\/users\/136"}],"replies":[{"embeddable":true,"href":"https:\/\/eyewearstore.hu\/en\/wp-json\/wp\/v2\/comments?post=1944"}],"version-history":[{"count":0,"href":"https:\/\/eyewearstore.hu\/en\/wp-json\/wp\/v2\/pages\/1944\/revisions"}],"wp:attachment":[{"href":"https:\/\/eyewearstore.hu\/en\/wp-json\/wp\/v2\/media?parent=1944"}],"curies":[{"name":"wp","href":"https:\/\/api.w.org\/{rel}","templated":true}]}}