
{"id":17932,"date":"2025-11-30T17:34:06","date_gmt":"2025-11-30T16:34:06","guid":{"rendered":"https:\/\/eyewearstore.hu\/?page_id=17932"},"modified":"2026-01-07T10:14:10","modified_gmt":"2026-01-07T09:14:10","slug":"vision-check","status":"publish","type":"page","link":"https:\/\/eyewearstore.hu\/en\/vision-check\/","title":{"rendered":"Ingyenes Online L\u00e1t\u00e1steszt"},"content":{"rendered":"<div data-elementor-type=\"wp-page\" data-elementor-id=\"17932\" class=\"elementor elementor-17932\" data-elementor-post-type=\"page\">\n\t\t\t\t<div class=\"elementor-element elementor-element-37ac84 e-con-full e-flex e-con e-parent\" data-id=\"37ac84\" data-element_type=\"container\" data-settings=\"{&quot;background_background&quot;:&quot;classic&quot;}\">\n\t\t\t\t<div class=\"elementor-element elementor-element-ce59fed elementor-widget elementor-widget-html\" data-id=\"ce59fed\" data-element_type=\"widget\" data-widget_type=\"html.default\">\n\t\t\t\t<div class=\"elementor-widget-container\">\n\t\t\t\t\t<script\ntype=\"text\/javascript\"\nsrc=\"https:\/\/visionscreening.zeiss.com\/Plugin\/latest\/vis.ovs.frontend-lts.bundle.js\"\n><\/script>\n<div style=\"height:100vh;width:100vw\">\n<zeiss-ovs id=\"zeiss-ovs\" customer-id=\"1040010\" locale=\"hu-HU\"\nauto-language-detection=\"false\"\nresult-button-text=\"Id\u0151pontfoglal\u00e1s\" back-url=\"https:\/\/eyewearstore.hu\/vision-check\"\nresult-url=\"https:\/\/eyewearstore.hu\/latasvizsgalat\/\">\n<\/zeiss-ovs>\n<\/div>\t\t\t\t<\/div>\n\t\t\t\t<\/div>\n\t\t\t\t<\/div>\n\t\t\t\t<\/div>","protected":false},"excerpt":{"rendered":"<p>Ne tal\u00e1lgass \u2013 ellen\u0151rizd!<br \/>\nAz online l\u00e1t\u00e1steszt gyors visszajelz\u00e9st ad arr\u00f3l, hogy \u00e9rdemes-e vizsg\u00e1latra jelentkezned!<br \/>\nPr\u00f3b\u00e1ld ki te is!<\/p>","protected":false},"author":136,"featured_media":18145,"parent":0,"menu_order":0,"comment_status":"closed","ping_status":"closed","template":"","meta":{"_seopress_robots_primary_cat":"","_seopress_titles_title":"","_seopress_titles_desc":"","_seopress_robots_index":"","footnotes":""},"class_list":["post-17932","page","type-page","status-publish","has-post-thumbnail","hentry"],"_links":{"self":[{"href":"https:\/\/eyewearstore.hu\/en\/wp-json\/wp\/v2\/pages\/17932","targetHints":{"allow":["GET"]}}],"collection":[{"href":"https:\/\/eyewearstore.hu\/en\/wp-json\/wp\/v2\/pages"}],"about":[{"href":"https:\/\/eyewearstore.hu\/en\/wp-json\/wp\/v2\/types\/page"}],"author":[{"embeddable":true,"href":"https:\/\/eyewearstore.hu\/en\/wp-json\/wp\/v2\/users\/136"}],"replies":[{"embeddable":true,"href":"https:\/\/eyewearstore.hu\/en\/wp-json\/wp\/v2\/comments?post=17932"}],"version-history":[{"count":55,"href":"https:\/\/eyewearstore.hu\/en\/wp-json\/wp\/v2\/pages\/17932\/revisions"}],"predecessor-version":[{"id":18148,"href":"https:\/\/eyewearstore.hu\/en\/wp-json\/wp\/v2\/pages\/17932\/revisions\/18148"}],"wp:featuredmedia":[{"embeddable":true,"href":"https:\/\/eyewearstore.hu\/en\/wp-json\/wp\/v2\/media\/18145"}],"wp:attachment":[{"href":"https:\/\/eyewearstore.hu\/en\/wp-json\/wp\/v2\/media?parent=17932"}],"curies":[{"name":"wp","href":"https:\/\/api.w.org\/{rel}","templated":true}]}}