
{"id":16358,"date":"2025-06-05T16:41:06","date_gmt":"2025-06-05T14:41:06","guid":{"rendered":"https:\/\/eyewearstore.hu\/?page_id=16358"},"modified":"2025-08-10T13:22:38","modified_gmt":"2025-08-10T11:22:38","slug":"clearvis-io-idopontfoglalo-teszt","status":"publish","type":"page","link":"https:\/\/eyewearstore.hu\/en\/clearvis-io-idopontfoglalo-teszt\/","title":{"rendered":"Clearvis.io Id\u0151pontfoglal\u00f3 Teszt"},"content":{"rendered":"<div data-elementor-type=\"wp-page\" data-elementor-id=\"16358\" class=\"elementor elementor-16358\" data-elementor-post-type=\"page\">\n\t\t\t\t\t\t<section class=\"elementor-section elementor-top-section elementor-element elementor-element-4474a9ed elementor-section-boxed elementor-section-height-default elementor-section-height-default\" data-id=\"4474a9ed\" data-element_type=\"section\" data-settings=\"{&quot;background_background&quot;:&quot;classic&quot;}\">\n\t\t\t\t\t\t\t<div class=\"elementor-background-overlay\"><\/div>\n\t\t\t\t\t\t\t<div class=\"elementor-container elementor-column-gap-default\">\n\t\t\t\t\t<div class=\"elementor-column elementor-col-100 elementor-top-column elementor-element elementor-element-3ffad049\" data-id=\"3ffad049\" data-element_type=\"column\">\n\t\t\t<div class=\"elementor-widget-wrap elementor-element-populated\">\n\t\t\t\t\t\t<div class=\"elementor-element elementor-element-28ab464 elementor-widget elementor-widget-heading\" data-id=\"28ab464\" data-element_type=\"widget\" data-widget_type=\"heading.default\">\n\t\t\t\t<div class=\"elementor-widget-container\">\n\t\t\t\t\t<h1 class=\"elementor-heading-title elementor-size-default\">L\u00e1t\u00e1svizsg\u00e1lat<\/h1>\t\t\t\t<\/div>\n\t\t\t\t<\/div>\n\t\t\t\t<div class=\"elementor-element elementor-element-1afe8970 elementor-widget elementor-widget-woocommerce-breadcrumb\" data-id=\"1afe8970\" data-element_type=\"widget\" data-widget_type=\"woocommerce-breadcrumb.default\">\n\t\t\t\t<div class=\"elementor-widget-container\">\n\t\t\t\t\t<nav class=\"woocommerce-breadcrumb\" aria-label=\"Breadcrumb\" data-no-translation=\"\" data-trp-gettext=\"\">Home<\/nav>\t\t\t\t<\/div>\n\t\t\t\t<\/div>\n\t\t\t\t\t<\/div>\n\t\t<\/div>\n\t\t\t\t\t<\/div>\n\t\t<\/section>\n\t\t\t\t<section class=\"elementor-section elementor-top-section elementor-element elementor-element-3173006e elementor-section-boxed elementor-section-height-default elementor-section-height-default\" data-id=\"3173006e\" data-element_type=\"section\">\n\t\t\t\t\t\t<div class=\"elementor-container elementor-column-gap-default\">\n\t\t\t\t\t<div class=\"elementor-column elementor-col-100 elementor-top-column elementor-element elementor-element-7210a03c\" data-id=\"7210a03c\" data-element_type=\"column\">\n\t\t\t<div class=\"elementor-widget-wrap elementor-element-populated\">\n\t\t\t\t\t\t<div class=\"elementor-element elementor-element-925e553 elementor-widget elementor-widget-heading\" data-id=\"925e553\" data-element_type=\"widget\" data-widget_type=\"heading.default\">\n\t\t\t\t<div class=\"elementor-widget-container\">\n\t\t\t\t\t<h2 class=\"elementor-heading-title elementor-size-default\">Id\u0151pontfoglal\u00e1s l\u00e1t\u00e1svizsg\u00e1latra<\/h2>\t\t\t\t<\/div>\n\t\t\t\t<\/div>\n\t\t\t\t<div class=\"elementor-element elementor-element-371b9d7a elementor-widget elementor-widget-text-editor\" data-id=\"371b9d7a\" data-element_type=\"widget\" data-widget_type=\"text-editor.default\">\n\t\t\t\t<div class=\"elementor-widget-container\">\n\t\t\t\t\t\t\t\t\t<p>Szakk\u00e9pzett optometrist\u00e1nk \u00e1ltal, modern eszk\u00f6z\u00f6kkel \u00e9s hasznos tan\u00e1csokkal!<\/p>\t\t\t\t\t\t\t\t<\/div>\n\t\t\t\t<\/div>\n\t\t\t\t<div class=\"elementor-element elementor-element-67b881be elementor-align-center elementor-widget elementor-widget-button\" data-id=\"67b881be\" data-element_type=\"widget\" data-widget_type=\"button.default\">\n\t\t\t\t<div class=\"elementor-widget-container\">\n\t\t\t\t\t\t\t\t\t<div class=\"elementor-button-wrapper\">\n\t\t\t\t\t<a class=\"elementor-button elementor-button-link elementor-size-sm\" href=\"#idopont\">\n\t\t\t\t\t\t<span class=\"elementor-button-content-wrapper\">\n\t\t\t\t\t\t\t\t\t<span class=\"elementor-button-text\">ID\u0150PONTOT V\u00c1LASZTOK<\/span>\n\t\t\t\t\t<\/span>\n\t\t\t\t\t<\/a>\n\t\t\t\t<\/div>\n\t\t\t\t\t\t\t\t<\/div>\n\t\t\t\t<\/div>\n\t\t\t\t\t<\/div>\n\t\t<\/div>\n\t\t\t\t\t<\/div>\n\t\t<\/section>\n\t\t\t\t<section class=\"elementor-section elementor-top-section elementor-element elementor-element-66d25674 elementor-section-boxed elementor-section-height-default elementor-section-height-default\" data-id=\"66d25674\" data-element_type=\"section\">\n\t\t\t\t\t\t<div class=\"elementor-container elementor-column-gap-default\">\n\t\t\t\t\t<div class=\"elementor-column elementor-col-100 elementor-top-column elementor-element elementor-element-665a098b\" data-id=\"665a098b\" data-element_type=\"column\">\n\t\t\t<div class=\"elementor-widget-wrap elementor-element-populated\">\n\t\t\t\t\t\t<div class=\"elementor-element elementor-element-45868378 elementor-widget elementor-widget-heading\" data-id=\"45868378\" data-element_type=\"widget\" data-widget_type=\"heading.default\">\n\t\t\t\t<div class=\"elementor-widget-container\">\n\t\t\t\t\t<h2 class=\"elementor-heading-title elementor-size-default\">H\u00e1rom egyszer\u0171 l\u00e9p\u00e9sben tudsz hozz\u00e1nk id\u0151pontot foglalni<\/h2>\t\t\t\t<\/div>\n\t\t\t\t<\/div>\n\t\t\t\t<div class=\"elementor-element elementor-element-39f37869 elementor-widget elementor-widget-text-editor\" data-id=\"39f37869\" data-element_type=\"widget\" data-widget_type=\"text-editor.default\">\n\t\t\t\t<div class=\"elementor-widget-container\">\n\t\t\t\t\t\t\t\t\t<p>A foglal\u00e1sodr\u00f3l v\u00e1lasz e-mailben k\u00fcld\u00fcnk meger\u0151s\u00edt\u00e9st.<\/p>\t\t\t\t\t\t\t\t<\/div>\n\t\t\t\t<\/div>\n\t\t\t\t<section class=\"elementor-section elementor-inner-section elementor-element elementor-element-35a41fb elementor-section-boxed elementor-section-height-default elementor-section-height-default\" data-id=\"35a41fb\" data-element_type=\"section\">\n\t\t\t\t\t\t<div class=\"elementor-container elementor-column-gap-default\">\n\t\t\t\t\t<div class=\"elementor-column elementor-col-33 elementor-inner-column elementor-element elementor-element-56f6e6fa\" data-id=\"56f6e6fa\" data-element_type=\"column\" data-settings=\"{&quot;background_background&quot;:&quot;classic&quot;}\">\n\t\t\t<div class=\"elementor-widget-wrap elementor-element-populated\">\n\t\t\t\t\t\t<div class=\"elementor-element elementor-element-6d3658a6 elementor-widget elementor-widget-heading\" data-id=\"6d3658a6\" data-element_type=\"widget\" data-widget_type=\"heading.default\">\n\t\t\t\t<div class=\"elementor-widget-container\">\n\t\t\t\t\t<h2 class=\"elementor-heading-title elementor-size-default\">1.<\/h2>\t\t\t\t<\/div>\n\t\t\t\t<\/div>\n\t\t\t\t<div class=\"elementor-element elementor-element-16a47f04 elementor-widget elementor-widget-heading\" data-id=\"16a47f04\" data-element_type=\"widget\" data-widget_type=\"heading.default\">\n\t\t\t\t<div class=\"elementor-widget-container\">\n\t\t\t\t\t<h2 class=\"elementor-heading-title elementor-size-default\">V\u00e1laszd ki, hogy melyik t\u00edpus\u00fa l\u00e1t\u00e1svizsg\u00e1latra szeretn\u00e9l j\u00f6nni.<\/h2>\t\t\t\t<\/div>\n\t\t\t\t<\/div>\n\t\t\t\t\t<\/div>\n\t\t<\/div>\n\t\t\t\t<div class=\"elementor-column elementor-col-33 elementor-inner-column elementor-element elementor-element-74c0e216\" data-id=\"74c0e216\" data-element_type=\"column\" data-settings=\"{&quot;background_background&quot;:&quot;classic&quot;}\">\n\t\t\t<div class=\"elementor-widget-wrap elementor-element-populated\">\n\t\t\t\t\t\t<div class=\"elementor-element elementor-element-6611c983 elementor-widget elementor-widget-heading\" data-id=\"6611c983\" data-element_type=\"widget\" data-widget_type=\"heading.default\">\n\t\t\t\t<div class=\"elementor-widget-container\">\n\t\t\t\t\t<h2 class=\"elementor-heading-title elementor-size-default\">2.<\/h2>\t\t\t\t<\/div>\n\t\t\t\t<\/div>\n\t\t\t\t<div class=\"elementor-element elementor-element-18c574d8 elementor-widget elementor-widget-heading\" data-id=\"18c574d8\" data-element_type=\"widget\" data-widget_type=\"heading.default\">\n\t\t\t\t<div class=\"elementor-widget-container\">\n\t\t\t\t\t<h2 class=\"elementor-heading-title elementor-size-default\">V\u00e1laszd ki a sz\u00e1modra megfelel\u0151 id\u0151pontot.<br><br><\/h2>\t\t\t\t<\/div>\n\t\t\t\t<\/div>\n\t\t\t\t\t<\/div>\n\t\t<\/div>\n\t\t\t\t<div class=\"elementor-column elementor-col-33 elementor-inner-column elementor-element elementor-element-6ff679d9\" data-id=\"6ff679d9\" data-element_type=\"column\" data-settings=\"{&quot;background_background&quot;:&quot;classic&quot;}\">\n\t\t\t<div class=\"elementor-widget-wrap elementor-element-populated\">\n\t\t\t\t\t\t<div class=\"elementor-element elementor-element-20b692ab elementor-widget elementor-widget-heading\" data-id=\"20b692ab\" data-element_type=\"widget\" data-widget_type=\"heading.default\">\n\t\t\t\t<div class=\"elementor-widget-container\">\n\t\t\t\t\t<h2 class=\"elementor-heading-title elementor-size-default\">3.<\/h2>\t\t\t\t<\/div>\n\t\t\t\t<\/div>\n\t\t\t\t<div class=\"elementor-element elementor-element-6d108e62 elementor-widget elementor-widget-heading\" data-id=\"6d108e62\" data-element_type=\"widget\" data-widget_type=\"heading.default\">\n\t\t\t\t<div class=\"elementor-widget-container\">\n\t\t\t\t\t<h2 class=\"elementor-heading-title elementor-size-default\">V\u00e9gleges\u00edtsd a foglal\u00e1sod.<br><br><br><\/h2>\t\t\t\t<\/div>\n\t\t\t\t<\/div>\n\t\t\t\t\t<\/div>\n\t\t<\/div>\n\t\t\t\t\t<\/div>\n\t\t<\/section>\n\t\t\t\t\t<\/div>\n\t\t<\/div>\n\t\t\t\t\t<\/div>\n\t\t<\/section>\n\t\t<div class=\"elementor-element elementor-element-74dba8b e-flex e-con-boxed e-con e-parent\" data-id=\"74dba8b\" data-element_type=\"container\">\n\t\t\t\t\t<div class=\"e-con-inner\">\n\t\t\t\t<div class=\"elementor-element elementor-element-91a5b8b elementor-widget elementor-widget-stepbooking\" data-id=\"91a5b8b\" data-element_type=\"widget\" data-widget_type=\"stepbooking.default\">\n\t\t\t\t<div class=\"elementor-widget-container\">\n\t\t\t\t\t\n<script>\n  if (typeof hasAmeliaEntitiesApiCall === 'undefined' && ('' === '' && '' !== '1')) {\n    var hasAmeliaEntitiesApiCall = true;\n  }\n  var ameliaShortcodeData = (typeof ameliaShortcodeData === 'undefined') ? [] : ameliaShortcodeData;\n  ameliaShortcodeData.push(\n    {\n      'hasApiCall': (typeof hasAmeliaEntitiesApiCall !== 'undefined') && hasAmeliaEntitiesApiCall,\n      'trigger': '',\n      'trigger_type': '',\n      'triggered_form': 'sbsNew',\n      'in_dialog': '',\n      'show': '',\n      'counter': '1000',\n      'category': '',\n      'service': '',\n      'employee': '',\n      'location': '',\n      'package': '',\n      'layout': '1',\n    }\n  );\n\n  var ameliaShortcodeDataTriggered = (typeof ameliaShortcodeDataTriggered === 'undefined') ? [] : ameliaShortcodeDataTriggered;\n  if (ameliaShortcodeData[ameliaShortcodeData.length - 1].trigger !== '') {\n    if (ameliaShortcodeDataTriggered.filter(a => a.counter === ameliaShortcodeData[ameliaShortcodeData.length - 1].counter).length === 0) {\n      ameliaShortcodeDataTriggered.push(ameliaShortcodeData.pop());\n    } else {\n      ameliaShortcodeData.pop()\n    }\n  }\n  if (typeof hasAmeliaEntitiesApiCall !== 'undefined' && hasAmeliaEntitiesApiCall) {\n    hasAmeliaEntitiesApiCall = false;\n  }\n<\/script>\n\n<div\n  id=\"amelia-v2-booking-1000\"\n  class=\"amelia-v2-booking\"\n >\n    <step-form-wrapper><\/step-form-wrapper><\/div>\n\t\t\t\t<\/div>\n\t\t\t\t<\/div>\n\t\t\t\t\t<\/div>\n\t\t\t\t<\/div>\n\t\t<div class=\"elementor-element elementor-element-82aca01 e-flex e-con-boxed e-con e-parent\" data-id=\"82aca01\" data-element_type=\"container\">\n\t\t\t\t\t<div class=\"e-con-inner\">\n\t\t\t\t<div class=\"elementor-element elementor-element-849684b elementor-widget elementor-widget-catalogbooking\" data-id=\"849684b\" data-element_type=\"widget\" data-widget_type=\"catalogbooking.default\">\n\t\t\t\t<div class=\"elementor-widget-container\">\n\t\t\t\t\t\n<script>\n  if (typeof hasAmeliaEntitiesApiCall === 'undefined' && ('' === '' && '' !== '1')) {\n    var hasAmeliaEntitiesApiCall = true;\n  }\n  var ameliaShortcodeData = (typeof ameliaShortcodeData === 'undefined') ? [] : ameliaShortcodeData;\n  ameliaShortcodeData.push(\n    {\n      'hasApiCall': (typeof hasAmeliaEntitiesApiCall !== 'undefined') && hasAmeliaEntitiesApiCall,\n      'trigger': '',\n      'trigger_type': '',\n      'triggered_form': 'cbf',\n      'in_dialog': '',\n      'show': '',\n      'counter': '1001',\n      'package': '',\n      'category': '',\n      'service': '',\n      'employee': '',\n      'location': '',\n      'categories_hidden': ''\n    }\n  );\n  var ameliaShortcodeDataTriggered = (typeof ameliaShortcodeDataTriggered === 'undefined') ? [] : ameliaShortcodeDataTriggered;\n  if (ameliaShortcodeData[ameliaShortcodeData.length - 1].trigger !== '') {\n    if (ameliaShortcodeDataTriggered.filter(a => a.counter === ameliaShortcodeData[ameliaShortcodeData.length - 1].counter).length === 0) {\n      ameliaShortcodeDataTriggered.push(ameliaShortcodeData.pop());\n    } else {\n      ameliaShortcodeData.pop()\n    }\n  }\n  if (typeof hasAmeliaEntitiesApiCall !== 'undefined' && hasAmeliaEntitiesApiCall) {\n    hasAmeliaEntitiesApiCall = false;\n  }\n<\/script>\n\n<div\n  id=\"amelia-v2-booking-1001\"\n  class=\"amelia-v2-booking\"\n>\n    <catalog-form-wrapper><\/catalog-form-wrapper><\/div>\n\t\t\t\t<\/div>\n\t\t\t\t<\/div>\n\t\t\t\t\t<\/div>\n\t\t\t\t<\/div>\n\t\t\t\t<section class=\"elementor-section elementor-top-section elementor-element elementor-element-27b7e7cb elementor-section-boxed elementor-section-height-default elementor-section-height-default\" data-id=\"27b7e7cb\" data-element_type=\"section\" id=\"idopont\">\n\t\t\t\t\t\t<div class=\"elementor-container elementor-column-gap-default\">\n\t\t\t\t\t<div class=\"elementor-column elementor-col-100 elementor-top-column elementor-element elementor-element-62771a4f\" data-id=\"62771a4f\" data-element_type=\"column\">\n\t\t\t<div class=\"elementor-widget-wrap elementor-element-populated\">\n\t\t\t\t\t\t<div class=\"elementor-element elementor-element-efdce6f elementor-widget elementor-widget-shortcode\" data-id=\"efdce6f\" data-element_type=\"widget\" data-widget_type=\"shortcode.default\">\n\t\t\t\t<div class=\"elementor-widget-container\">\n\t\t\t\t\t\t\t<div class=\"elementor-shortcode\">    <div id=\"clearvisioEmbeddedAppointmentBooker\"><\/div>\r\n\r\n    <script type=\"module\">\r\n    \u00a0 \u00a0 import ClearvisioAppointmentBooker from 'https:\/\/clearvis.io\/b\/4500aaa272372f02b3ddf17a87b94eee9d97b3d353093d4b929f59aa6cec2b2f131387845e16a85ab4c1ae6396cffa1a\/index.js';\r\n    \u00a0 \u00a0 (async () => {\r\n    \u00a0 \u00a0 \u00a0 \u00a0 var parentElement = {parentElement: document.getElementById('clearvisioEmbeddedAppointmentBooker')};\r\n    \u00a0 \u00a0 \u00a0 \u00a0 var additionalConfig = (await (await fetch('https:\/\/clearvis.io\/b\/4500aaa272372f02b3ddf17a87b94eee9d97b3d353093d4b929f59aa6cec2b2f131387845e16a85ab4c1ae6396cffa1a\/appointment_bookers\/1', {headers: {'X-AUTH-API-TOKEN': '2a19e614c759c9484d179ae39b7855986579657765617273746f7265', 'X-AUTH-API-STORE-CODE': 'EYEWEAR', accept: 'application\/ld+json', 'Content-Type': 'application\/ld+json'}})).json()).config;\r\n    \u00a0 \u00a0 \u00a0 \u00a0 var link = document.createElement('link');\r\n    \u00a0 \u00a0 \u00a0 \u00a0 link.href = 'https:\/\/clearvis.io\/b\/4500aaa272372f02b3ddf17a87b94eee9d97b3d353093d4b929f59aa6cec2b2f131387845e16a85ab4c1ae6396cffa1a\/style.css';\r\n    \u00a0 \u00a0 \u00a0 \u00a0 link.rel = 'stylesheet';\r\n    \u00a0 \u00a0 \u00a0 \u00a0 document.head.appendChild(link);\r\n    \u00a0 \u00a0 \u00a0 \u00a0\r\n    \u00a0 \u00a0 \u00a0 \u00a0 var booker = new ClearvisioAppointmentBooker(Object.assign({\r\n    \u00a0 \u00a0 \u00a0 \u00a0 \u00a0 \u00a0 \"storeCode\": \"EYEWEAR\",\r\n    \u00a0 \u00a0 \u00a0 \u00a0 \u00a0 \u00a0 \"apiPath\": \"https:\\\/\\\/clearvis.io\\\/b\\\/4500aaa272372f02b3ddf17a87b94eee9d97b3d353093d4b929f59aa6cec2b2f131387845e16a85ab4c1ae6396cffa1a\",\r\n    \u00a0 \u00a0 \u00a0 \u00a0 \u00a0 \u00a0 \"apiHeaders\": {\r\n    \u00a0 \u00a0 \u00a0 \u00a0 \u00a0 \u00a0 \u00a0 \u00a0 \"X-AUTH-API-TOKEN\": \"2a19e614c759c9484d179ae39b7855986579657765617273746f7265\"\r\n    \u00a0 \u00a0 \u00a0 \u00a0 \u00a0 \u00a0 },\r\n    \u00a0 \u00a0 \u00a0 \u00a0 \u00a0 \u00a0 \"country\": \"HU\",\r\n    \u00a0 \u00a0 \u00a0 \u00a0 \u00a0 \u00a0 \"style\": \"embedded-safe\",\r\n    \u00a0 \u00a0 \u00a0 \u00a0 \u00a0 \u00a0 \"cssUrls\": [\r\n    \u00a0 \u00a0 \u00a0 \u00a0 \u00a0 \u00a0 \u00a0 \u00a0 \"https:\\\/\\\/clearvis.io\\\/b\\\/4500aaa272372f02b3ddf17a87b94eee9d97b3d353093d4b929f59aa6cec2b2f131387845e16a85ab4c1ae6396cffa1a\\\/style.css\"\r\n    \u00a0 \u00a0 \u00a0 \u00a0 \u00a0 \u00a0 ]\r\n    \u00a0 \u00a0 \u00a0 \u00a0 }, parentElement, additionalConfig));\r\n    \u00a0 \u00a0 \u00a0 \u00a0 booker.getStore().on('close', () => document.head.removeChild(link))\r\n    \u00a0 \u00a0 })();\r\n    <\/script>\r\n    <\/div>\n\t\t\t\t\t\t<\/div>\n\t\t\t\t<\/div>\n\t\t\t\t\t<\/div>\n\t\t<\/div>\n\t\t\t\t\t<\/div>\n\t\t<\/section>\n\t\t\t\t<section class=\"elementor-section elementor-top-section elementor-element elementor-element-12c3b01e elementor-section-content-middle elementor-section-boxed elementor-section-height-default elementor-section-height-default\" data-id=\"12c3b01e\" data-element_type=\"section\" data-settings=\"{&quot;background_background&quot;:&quot;classic&quot;}\">\n\t\t\t\t\t\t\t<div class=\"elementor-background-overlay\"><\/div>\n\t\t\t\t\t\t\t<div class=\"elementor-container elementor-column-gap-no\">\n\t\t\t\t\t<div class=\"elementor-column elementor-col-50 elementor-top-column elementor-element elementor-element-157ff937\" data-id=\"157ff937\" data-element_type=\"column\">\n\t\t\t<div class=\"elementor-widget-wrap elementor-element-populated\">\n\t\t\t\t\t\t<div class=\"elementor-element elementor-element-1ad4de1d elementor-widget elementor-widget-heading\" data-id=\"1ad4de1d\" data-element_type=\"widget\" data-widget_type=\"heading.default\">\n\t\t\t\t<div class=\"elementor-widget-container\">\n\t\t\t\t\t<h2 class=\"elementor-heading-title elementor-size-default\">Hol tal\u00e1lsz meg minket?<\/h2>\t\t\t\t<\/div>\n\t\t\t\t<\/div>\n\t\t\t\t<div class=\"elementor-element elementor-element-42f9545a elementor-widget elementor-widget-text-editor\" data-id=\"42f9545a\" data-element_type=\"widget\" data-widget_type=\"text-editor.default\">\n\t\t\t\t<div class=\"elementor-widget-container\">\n\t\t\t\t\t\t\t\t\t<p>Optik\u00e1nk c\u00edme:<br \/>8900 Zalaegerszeg Kosztol\u00e1nyi u. 3.<br \/><br \/>Nyitvatart\u00e1s:<br \/>H\u00e9tf\u0151t\u0151l P\u00e9ntekig 9:00 \u2013 17:00, Szombaton 9:00 \u2013 12:00 k\u00f6z\u00f6tt.<br \/><br \/><\/p>\t\t\t\t\t\t\t\t<\/div>\n\t\t\t\t<\/div>\n\t\t\t\t<div class=\"elementor-element elementor-element-5b696708 elementor-align-left elementor-widget elementor-widget-button\" data-id=\"5b696708\" data-element_type=\"widget\" data-widget_type=\"button.default\">\n\t\t\t\t<div class=\"elementor-widget-container\">\n\t\t\t\t\t\t\t\t\t<div class=\"elementor-button-wrapper\">\n\t\t\t\t\t<a class=\"elementor-button elementor-button-link elementor-size-sm\" href=\"#idopont\">\n\t\t\t\t\t\t<span class=\"elementor-button-content-wrapper\">\n\t\t\t\t\t\t\t\t\t<span class=\"elementor-button-text\">ID\u0150PONTOT FOGLALOK!<\/span>\n\t\t\t\t\t<\/span>\n\t\t\t\t\t<\/a>\n\t\t\t\t<\/div>\n\t\t\t\t\t\t\t\t<\/div>\n\t\t\t\t<\/div>\n\t\t\t\t\t<\/div>\n\t\t<\/div>\n\t\t\t\t<div class=\"elementor-column elementor-col-50 elementor-top-column elementor-element elementor-element-38472a7\" data-id=\"38472a7\" data-element_type=\"column\">\n\t\t\t<div class=\"elementor-widget-wrap elementor-element-populated\">\n\t\t\t\t\t\t<div class=\"elementor-element elementor-element-98f8613 elementor-widget elementor-widget-shortcode\" data-id=\"98f8613\" data-element_type=\"widget\" data-widget_type=\"shortcode.default\">\n\t\t\t\t<div class=\"elementor-widget-container\">\n\t\t\t\t\t\t\t<div class=\"elementor-shortcode\"><iframe src=\"https:\/\/www.google.com\/maps\/embed?pb=!1m14!1m8!1m3!1d925.5596694849107!2d16.84771524151548!3d46.842757566111246!3m2!1i1024!2i768!4f13.1!3m3!1m2!1s0x0%3A0x243b5fa71054bb9b!2sEyewear%20Store!5e0!3m2!1shu!2shu!4v1649079536398!5m2!1shu!2shu\" width=\"600\" height=\"450\" style=\"border:0;\" allowfullscreen=\"\" loading=\"lazy\" referrerpolicy=\"no-referrer-when-downgrade\"><\/iframe><\/div>\n\t\t\t\t\t\t<\/div>\n\t\t\t\t<\/div>\n\t\t\t\t\t<\/div>\n\t\t<\/div>\n\t\t\t\t\t<\/div>\n\t\t<\/section>\n\t\t\t\t<\/div>","protected":false},"excerpt":{"rendered":"<p>L\u00e1t\u00e1svizsg\u00e1lat Id\u0151pontfoglal\u00e1s l\u00e1t\u00e1svizsg\u00e1latra Szakk\u00e9pzett optometrist\u00e1nk \u00e1ltal, modern eszk\u00f6z\u00f6kkel \u00e9s hasznos tan\u00e1csokkal! ID\u0150PONTOT V\u00c1LASZTOK H\u00e1rom egyszer\u0171 l\u00e9p\u00e9sben tudsz hozz\u00e1nk id\u0151pontot foglalni A foglal\u00e1sodr\u00f3l v\u00e1lasz e-mailben k\u00fcld\u00fcnk meger\u0151s\u00edt\u00e9st. 1. V\u00e1laszd ki, hogy melyik t\u00edpus\u00fa l\u00e1t\u00e1svizsg\u00e1latra szeretn\u00e9l j\u00f6nni. 2. V\u00e1laszd ki a sz\u00e1modra megfelel\u0151 id\u0151pontot. 3. V\u00e9gleges\u00edtsd a foglal\u00e1sod. Hol tal\u00e1lsz meg minket? Optik\u00e1nk c\u00edme:8900 Zalaegerszeg Kosztol\u00e1nyi u. [&hellip;]<\/p>","protected":false},"author":136,"featured_media":0,"parent":0,"menu_order":0,"comment_status":"closed","ping_status":"closed","template":"","meta":{"_seopress_robots_primary_cat":"","_seopress_titles_title":"","_seopress_titles_desc":"","_seopress_robots_index":"","footnotes":""},"class_list":["post-16358","page","type-page","status-publish","hentry"],"_links":{"self":[{"href":"https:\/\/eyewearstore.hu\/en\/wp-json\/wp\/v2\/pages\/16358","targetHints":{"allow":["GET"]}}],"collection":[{"href":"https:\/\/eyewearstore.hu\/en\/wp-json\/wp\/v2\/pages"}],"about":[{"href":"https:\/\/eyewearstore.hu\/en\/wp-json\/wp\/v2\/types\/page"}],"author":[{"embeddable":true,"href":"https:\/\/eyewearstore.hu\/en\/wp-json\/wp\/v2\/users\/136"}],"replies":[{"embeddable":true,"href":"https:\/\/eyewearstore.hu\/en\/wp-json\/wp\/v2\/comments?post=16358"}],"version-history":[{"count":0,"href":"https:\/\/eyewearstore.hu\/en\/wp-json\/wp\/v2\/pages\/16358\/revisions"}],"wp:attachment":[{"href":"https:\/\/eyewearstore.hu\/en\/wp-json\/wp\/v2\/media?parent=16358"}],"curies":[{"name":"wp","href":"https:\/\/api.w.org\/{rel}","templated":true}]}}