
{"id":1128,"date":"2022-03-15T20:55:33","date_gmt":"2022-03-15T19:55:33","guid":{"rendered":"https:\/\/eyewearstore.hu\/kosar\/"},"modified":"2025-02-19T15:06:49","modified_gmt":"2025-02-19T14:06:49","slug":"kosar","status":"publish","type":"page","link":"https:\/\/eyewearstore.hu\/en\/kosar\/","title":{"rendered":"Kos\u00e1r"},"content":{"rendered":"<div data-elementor-type=\"wp-page\" data-elementor-id=\"1128\" class=\"elementor elementor-1128\" data-elementor-post-type=\"page\">\n\t\t\t\t\t\t<section class=\"elementor-section elementor-top-section elementor-element elementor-element-5874068 elementor-section-boxed elementor-section-height-default elementor-section-height-default\" data-id=\"5874068\" data-element_type=\"section\" data-settings=\"{&quot;background_background&quot;:&quot;classic&quot;}\">\n\t\t\t\t\t\t\t<div class=\"elementor-background-overlay\"><\/div>\n\t\t\t\t\t\t\t<div class=\"elementor-container elementor-column-gap-default\">\n\t\t\t\t\t<div class=\"elementor-column elementor-col-100 elementor-top-column elementor-element elementor-element-2bd9f9e0\" data-id=\"2bd9f9e0\" data-element_type=\"column\">\n\t\t\t<div class=\"elementor-widget-wrap elementor-element-populated\">\n\t\t\t\t\t\t<div class=\"elementor-element elementor-element-6095f4d6 elementor-widget elementor-widget-heading\" data-id=\"6095f4d6\" data-element_type=\"widget\" data-widget_type=\"heading.default\">\n\t\t\t\t<div class=\"elementor-widget-container\">\n\t\t\t\t\t<h1 class=\"elementor-heading-title elementor-size-default\">Kos\u00e1r<\/h1>\t\t\t\t<\/div>\n\t\t\t\t<\/div>\n\t\t\t\t<div class=\"elementor-element elementor-element-15e8c947 elementor-widget elementor-widget-woocommerce-breadcrumb\" data-id=\"15e8c947\" data-element_type=\"widget\" data-widget_type=\"woocommerce-breadcrumb.default\">\n\t\t\t\t<div class=\"elementor-widget-container\">\n\t\t\t\t\t<nav class=\"woocommerce-breadcrumb\" aria-label=\"Breadcrumb\" data-no-translation=\"\" data-trp-gettext=\"\">Home<\/nav>\t\t\t\t<\/div>\n\t\t\t\t<\/div>\n\t\t\t\t\t<\/div>\n\t\t<\/div>\n\t\t\t\t\t<\/div>\n\t\t<\/section>\n\t\t<div class=\"elementor-element elementor-element-20faab1 e-flex e-con-boxed e-con e-parent\" data-id=\"20faab1\" data-element_type=\"container\">\n\t\t\t\t\t<div class=\"e-con-inner\">\n\t\t\t\t\t<\/div>\n\t\t\t\t<\/div>\n\t\t\t\t<\/div>","protected":false},"excerpt":{"rendered":"<p>Kos\u00e1r Remove item Thumbnail image Product Price Quantity Subtotal &times; Opti-Free Puremoist 90 ml kontaktlencse folyad\u00e9k tokkal 2 100&nbsp;&#70;&#116; Opti-Free Puremoist 90 ml kontaktlencse folyad\u00e9k tokkal quantity 2 100&nbsp;&#70;&#116; &times; Opti-Free Puremoist 3db 300 ml kontaktlencse folyad\u00e9k tokkal 10 490&nbsp;&#70;&#116; Opti-Free Puremoist 3db 300 ml kontaktlencse folyad\u00e9k tokkal quantity 10 490&nbsp;&#70;&#116; &times; Fekete mint\u00e1s m\u0171b\u0151r [&hellip;]<\/p>","protected":false},"author":136,"featured_media":0,"parent":0,"menu_order":0,"comment_status":"closed","ping_status":"closed","template":"","meta":{"_seopress_robots_primary_cat":"","_seopress_titles_title":"Kos\u00e1r | Eyewear Store","_seopress_titles_desc":"Weboldalunk kos\u00e1r oldala.","_seopress_robots_index":"yes","footnotes":""},"class_list":["post-1128","page","type-page","status-publish","hentry"],"_links":{"self":[{"href":"https:\/\/eyewearstore.hu\/en\/wp-json\/wp\/v2\/pages\/1128","targetHints":{"allow":["GET"]}}],"collection":[{"href":"https:\/\/eyewearstore.hu\/en\/wp-json\/wp\/v2\/pages"}],"about":[{"href":"https:\/\/eyewearstore.hu\/en\/wp-json\/wp\/v2\/types\/page"}],"author":[{"embeddable":true,"href":"https:\/\/eyewearstore.hu\/en\/wp-json\/wp\/v2\/users\/136"}],"replies":[{"embeddable":true,"href":"https:\/\/eyewearstore.hu\/en\/wp-json\/wp\/v2\/comments?post=1128"}],"version-history":[{"count":0,"href":"https:\/\/eyewearstore.hu\/en\/wp-json\/wp\/v2\/pages\/1128\/revisions"}],"wp:attachment":[{"href":"https:\/\/eyewearstore.hu\/en\/wp-json\/wp\/v2\/media?parent=1128"}],"curies":[{"name":"wp","href":"https:\/\/api.w.org\/{rel}","templated":true}]}}